{"id":6,"date":"2025-01-01T17:45:30","date_gmt":"2025-01-01T17:45:30","guid":{"rendered":"http:\/\/unalomereikigarten.de\/?page_id=6"},"modified":"2026-04-12T18:26:58","modified_gmt":"2026-04-12T17:26:58","slug":"about-us","status":"publish","type":"page","link":"https:\/\/unalomereikigarten.de\/?page_id=6","title":{"rendered":"\u00dcber mich"},"content":{"rendered":"\n<p><strong>Willkommen!<\/strong><\/p>\n\n\n\n<p>Ich widme mich dem Austausch von Informationen, Eindr\u00fccken und Impulsen rund um Reiki als Praxis der Entspannung, Achtsamkeit und inneren Balance.<\/p>\n\n\n\n<p>Auf dieser Website m\u00f6chte ich Themen wie Reiki, bewusstes Innehalten und die Pflege des pers\u00f6nlichen Wohlbefindens in einer ruhigen, respektvollen und angenehmen Form n\u00e4herbringen.<\/p>\n\n\n\n<p><\/p>\n","protected":false},"excerpt":{"rendered":"<p>Willkommen! Ich widme mich dem Austausch von Informationen, Eindr\u00fccken und Impulsen rund um Reiki als Praxis der Entspannung, Achtsamkeit und inneren Balance. Auf dieser Website m\u00f6chte ich Themen wie Reiki, bewusstes Innehalten und die Pflege des pers\u00f6nlichen Wohlbefindens in einer ruhigen, respektvollen und angenehmen Form n\u00e4herbringen.<\/p>\n","protected":false},"author":1,"featured_media":0,"parent":0,"menu_order":0,"comment_status":"closed","ping_status":"closed","template":"","meta":{"footnotes":""},"class_list":["post-6","page","type-page","status-publish","hentry"],"yoast_head":"<!-- This site is optimized with the Yoast SEO plugin v27.4 - https:\/\/yoast.com\/product\/yoast-seo-wordpress\/ -->\n<title>\u00dcber mich - Unalome Reiki Garten<\/title>\n<meta name=\"robots\" content=\"index, follow, max-snippet:-1, max-image-preview:large, max-video-preview:-1\" \/>\n<link rel=\"canonical\" href=\"https:\/\/unalomereikigarten.de\/?page_id=6\" \/>\n<meta property=\"og:locale\" content=\"en_US\" \/>\n<meta property=\"og:type\" content=\"article\" \/>\n<meta property=\"og:title\" content=\"\u00dcber mich - Unalome Reiki Garten\" \/>\n<meta property=\"og:description\" content=\"Willkommen! Ich widme mich dem Austausch von Informationen, Eindr\u00fccken und Impulsen rund um Reiki als Praxis der Entspannung, Achtsamkeit und inneren Balance. Auf dieser Website m\u00f6chte ich Themen wie Reiki, bewusstes Innehalten und die Pflege des pers\u00f6nlichen Wohlbefindens in einer ruhigen, respektvollen und angenehmen Form n\u00e4herbringen.\" \/>\n<meta property=\"og:url\" content=\"https:\/\/unalomereikigarten.de\/?page_id=6\" \/>\n<meta property=\"og:site_name\" content=\"Unalome Reiki Garten\" \/>\n<meta property=\"article:modified_time\" content=\"2026-04-12T17:26:58+00:00\" \/>\n<meta name=\"twitter:card\" content=\"summary_large_image\" \/>\n<meta name=\"twitter:label1\" content=\"Est. reading time\" \/>\n\t<meta name=\"twitter:data1\" content=\"1 minute\" \/>\n<script type=\"application\/ld+json\" class=\"yoast-schema-graph\">{\"@context\":\"https:\\\/\\\/schema.org\",\"@graph\":[{\"@type\":\"WebPage\",\"@id\":\"https:\\\/\\\/unalomereikigarten.de\\\/?page_id=6\",\"url\":\"https:\\\/\\\/unalomereikigarten.de\\\/?page_id=6\",\"name\":\"\u00dcber mich - Unalome Reiki Garten\",\"isPartOf\":{\"@id\":\"https:\\\/\\\/unalomereikigarten.de\\\/#website\"},\"datePublished\":\"2025-01-01T17:45:30+00:00\",\"dateModified\":\"2026-04-12T17:26:58+00:00\",\"breadcrumb\":{\"@id\":\"https:\\\/\\\/unalomereikigarten.de\\\/?page_id=6#breadcrumb\"},\"inLanguage\":\"en-US\",\"potentialAction\":[{\"@type\":\"ReadAction\",\"target\":[\"https:\\\/\\\/unalomereikigarten.de\\\/?page_id=6\"]}]},{\"@type\":\"BreadcrumbList\",\"@id\":\"https:\\\/\\\/unalomereikigarten.de\\\/?page_id=6#breadcrumb\",\"itemListElement\":[{\"@type\":\"ListItem\",\"position\":1,\"name\":\"Home\",\"item\":\"https:\\\/\\\/unalomereikigarten.de\\\/\"},{\"@type\":\"ListItem\",\"position\":2,\"name\":\"\u00dcber mich\"}]},{\"@type\":\"WebSite\",\"@id\":\"https:\\\/\\\/unalomereikigarten.de\\\/#website\",\"url\":\"https:\\\/\\\/unalomereikigarten.de\\\/\",\"name\":\"Unalome Reiki Garten\",\"description\":\"Reiki-der Weg zu Balance und Vitalit\u00e4t.\",\"publisher\":{\"@id\":\"https:\\\/\\\/unalomereikigarten.de\\\/#\\\/schema\\\/person\\\/aaba9764ffc8b3aefd560503945a3e95\"},\"alternateName\":\"Reiki\",\"potentialAction\":[{\"@type\":\"SearchAction\",\"target\":{\"@type\":\"EntryPoint\",\"urlTemplate\":\"https:\\\/\\\/unalomereikigarten.de\\\/?s={search_term_string}\"},\"query-input\":{\"@type\":\"PropertyValueSpecification\",\"valueRequired\":true,\"valueName\":\"search_term_string\"}}],\"inLanguage\":\"en-US\"},{\"@type\":[\"Person\",\"Organization\"],\"@id\":\"https:\\\/\\\/unalomereikigarten.de\\\/#\\\/schema\\\/person\\\/aaba9764ffc8b3aefd560503945a3e95\",\"name\":\"Eva Reiki\",\"image\":{\"@type\":\"ImageObject\",\"inLanguage\":\"en-US\",\"@id\":\"http:\\\/\\\/unalomereikigarten.de\\\/wp-content\\\/uploads\\\/2025\\\/01\\\/DALL\u00b7E-2025-01-07-21.43.35-An-elegant-and-unique-logo-design-for-a-Reiki-themed-website-named-Unalome-Reiki-Garten.-The-logo-incorporates-the-Unalome-symbol-in-a-graceful-and-.webp\",\"url\":\"http:\\\/\\\/unalomereikigarten.de\\\/wp-content\\\/uploads\\\/2025\\\/01\\\/DALL\u00b7E-2025-01-07-21.43.35-An-elegant-and-unique-logo-design-for-a-Reiki-themed-website-named-Unalome-Reiki-Garten.-The-logo-incorporates-the-Unalome-symbol-in-a-graceful-and-.webp\",\"contentUrl\":\"http:\\\/\\\/unalomereikigarten.de\\\/wp-content\\\/uploads\\\/2025\\\/01\\\/DALL\u00b7E-2025-01-07-21.43.35-An-elegant-and-unique-logo-design-for-a-Reiki-themed-website-named-Unalome-Reiki-Garten.-The-logo-incorporates-the-Unalome-symbol-in-a-graceful-and-.webp\",\"width\":1024,\"height\":1024,\"caption\":\"Eva Reiki\"},\"logo\":{\"@id\":\"http:\\\/\\\/unalomereikigarten.de\\\/wp-content\\\/uploads\\\/2025\\\/01\\\/DALL\u00b7E-2025-01-07-21.43.35-An-elegant-and-unique-logo-design-for-a-Reiki-themed-website-named-Unalome-Reiki-Garten.-The-logo-incorporates-the-Unalome-symbol-in-a-graceful-and-.webp\"},\"sameAs\":[\"https:\\\/\\\/unalomereikigarten.de\\\/\"]}]}<\/script>\n<!-- \/ Yoast SEO plugin. -->","yoast_head_json":{"title":"\u00dcber mich - Unalome Reiki Garten","robots":{"index":"index","follow":"follow","max-snippet":"max-snippet:-1","max-image-preview":"max-image-preview:large","max-video-preview":"max-video-preview:-1"},"canonical":"https:\/\/unalomereikigarten.de\/?page_id=6","og_locale":"en_US","og_type":"article","og_title":"\u00dcber mich - Unalome Reiki Garten","og_description":"Willkommen! Ich widme mich dem Austausch von Informationen, Eindr\u00fccken und Impulsen rund um Reiki als Praxis der Entspannung, Achtsamkeit und inneren Balance. Auf dieser Website m\u00f6chte ich Themen wie Reiki, bewusstes Innehalten und die Pflege des pers\u00f6nlichen Wohlbefindens in einer ruhigen, respektvollen und angenehmen Form n\u00e4herbringen.","og_url":"https:\/\/unalomereikigarten.de\/?page_id=6","og_site_name":"Unalome Reiki Garten","article_modified_time":"2026-04-12T17:26:58+00:00","twitter_card":"summary_large_image","twitter_misc":{"Est. reading time":"1 minute"},"schema":{"@context":"https:\/\/schema.org","@graph":[{"@type":"WebPage","@id":"https:\/\/unalomereikigarten.de\/?page_id=6","url":"https:\/\/unalomereikigarten.de\/?page_id=6","name":"\u00dcber mich - Unalome Reiki Garten","isPartOf":{"@id":"https:\/\/unalomereikigarten.de\/#website"},"datePublished":"2025-01-01T17:45:30+00:00","dateModified":"2026-04-12T17:26:58+00:00","breadcrumb":{"@id":"https:\/\/unalomereikigarten.de\/?page_id=6#breadcrumb"},"inLanguage":"en-US","potentialAction":[{"@type":"ReadAction","target":["https:\/\/unalomereikigarten.de\/?page_id=6"]}]},{"@type":"BreadcrumbList","@id":"https:\/\/unalomereikigarten.de\/?page_id=6#breadcrumb","itemListElement":[{"@type":"ListItem","position":1,"name":"Home","item":"https:\/\/unalomereikigarten.de\/"},{"@type":"ListItem","position":2,"name":"\u00dcber mich"}]},{"@type":"WebSite","@id":"https:\/\/unalomereikigarten.de\/#website","url":"https:\/\/unalomereikigarten.de\/","name":"Unalome Reiki Garten","description":"Reiki-der Weg zu Balance und Vitalit\u00e4t.","publisher":{"@id":"https:\/\/unalomereikigarten.de\/#\/schema\/person\/aaba9764ffc8b3aefd560503945a3e95"},"alternateName":"Reiki","potentialAction":[{"@type":"SearchAction","target":{"@type":"EntryPoint","urlTemplate":"https:\/\/unalomereikigarten.de\/?s={search_term_string}"},"query-input":{"@type":"PropertyValueSpecification","valueRequired":true,"valueName":"search_term_string"}}],"inLanguage":"en-US"},{"@type":["Person","Organization"],"@id":"https:\/\/unalomereikigarten.de\/#\/schema\/person\/aaba9764ffc8b3aefd560503945a3e95","name":"Eva Reiki","image":{"@type":"ImageObject","inLanguage":"en-US","@id":"http:\/\/unalomereikigarten.de\/wp-content\/uploads\/2025\/01\/DALL\u00b7E-2025-01-07-21.43.35-An-elegant-and-unique-logo-design-for-a-Reiki-themed-website-named-Unalome-Reiki-Garten.-The-logo-incorporates-the-Unalome-symbol-in-a-graceful-and-.webp","url":"http:\/\/unalomereikigarten.de\/wp-content\/uploads\/2025\/01\/DALL\u00b7E-2025-01-07-21.43.35-An-elegant-and-unique-logo-design-for-a-Reiki-themed-website-named-Unalome-Reiki-Garten.-The-logo-incorporates-the-Unalome-symbol-in-a-graceful-and-.webp","contentUrl":"http:\/\/unalomereikigarten.de\/wp-content\/uploads\/2025\/01\/DALL\u00b7E-2025-01-07-21.43.35-An-elegant-and-unique-logo-design-for-a-Reiki-themed-website-named-Unalome-Reiki-Garten.-The-logo-incorporates-the-Unalome-symbol-in-a-graceful-and-.webp","width":1024,"height":1024,"caption":"Eva Reiki"},"logo":{"@id":"http:\/\/unalomereikigarten.de\/wp-content\/uploads\/2025\/01\/DALL\u00b7E-2025-01-07-21.43.35-An-elegant-and-unique-logo-design-for-a-Reiki-themed-website-named-Unalome-Reiki-Garten.-The-logo-incorporates-the-Unalome-symbol-in-a-graceful-and-.webp"},"sameAs":["https:\/\/unalomereikigarten.de\/"]}]}},"_links":{"self":[{"href":"https:\/\/unalomereikigarten.de\/index.php?rest_route=\/wp\/v2\/pages\/6","targetHints":{"allow":["GET"]}}],"collection":[{"href":"https:\/\/unalomereikigarten.de\/index.php?rest_route=\/wp\/v2\/pages"}],"about":[{"href":"https:\/\/unalomereikigarten.de\/index.php?rest_route=\/wp\/v2\/types\/page"}],"author":[{"embeddable":true,"href":"https:\/\/unalomereikigarten.de\/index.php?rest_route=\/wp\/v2\/users\/1"}],"replies":[{"embeddable":true,"href":"https:\/\/unalomereikigarten.de\/index.php?rest_route=%2Fwp%2Fv2%2Fcomments&post=6"}],"version-history":[{"count":5,"href":"https:\/\/unalomereikigarten.de\/index.php?rest_route=\/wp\/v2\/pages\/6\/revisions"}],"predecessor-version":[{"id":238,"href":"https:\/\/unalomereikigarten.de\/index.php?rest_route=\/wp\/v2\/pages\/6\/revisions\/238"}],"wp:attachment":[{"href":"https:\/\/unalomereikigarten.de\/index.php?rest_route=%2Fwp%2Fv2%2Fmedia&parent=6"}],"curies":[{"name":"wp","href":"https:\/\/api.w.org\/{rel}","templated":true}]}}