{"id":46,"date":"2025-01-04T20:06:40","date_gmt":"2025-01-04T20:06:40","guid":{"rendered":"http:\/\/unalomereikigarten.de\/blog\/"},"modified":"2026-04-06T18:26:14","modified_gmt":"2026-04-06T17:26:14","slug":"blog","status":"publish","type":"page","link":"https:\/\/unalomereikigarten.de\/?page_id=46","title":{"rendered":"Blog"},"content":{"rendered":"\n<p>Auf dieser Seite ver\u00f6ffentlichen wir Beitr\u00e4ge, Gedanken und Informationen rund um Reiki, Achtsamkeit, innere Ruhe und Themen, die Entspannung und pers\u00f6nliches Wohlbefinden f\u00f6rdern.<\/p>\n","protected":false},"excerpt":{"rendered":"<p>Auf dieser Seite ver\u00f6ffentlichen wir Beitr\u00e4ge, Gedanken und Informationen rund um Reiki, Achtsamkeit, innere Ruhe und Themen, die Entspannung und pers\u00f6nliches Wohlbefinden f\u00f6rdern.<\/p>\n","protected":false},"author":1,"featured_media":0,"parent":0,"menu_order":0,"comment_status":"closed","ping_status":"closed","template":"","meta":{"footnotes":""},"class_list":["post-46","page","type-page","status-publish","hentry"],"yoast_head":"<!-- This site is optimized with the Yoast SEO plugin v27.4 - https:\/\/yoast.com\/product\/yoast-seo-wordpress\/ -->\n<title>Blog - Unalome Reiki Garten<\/title>\n<meta name=\"robots\" content=\"index, follow, max-snippet:-1, max-image-preview:large, max-video-preview:-1\" \/>\n<link rel=\"canonical\" href=\"https:\/\/unalomereikigarten.de\/?page_id=46\" \/>\n<meta property=\"og:locale\" content=\"en_US\" \/>\n<meta property=\"og:type\" content=\"article\" \/>\n<meta property=\"og:title\" content=\"Blog - Unalome Reiki Garten\" \/>\n<meta property=\"og:description\" content=\"Auf dieser Seite ver\u00f6ffentlichen wir Beitr\u00e4ge, Gedanken und Informationen rund um Reiki, Achtsamkeit, innere Ruhe und Themen, die Entspannung und pers\u00f6nliches Wohlbefinden f\u00f6rdern.\" \/>\n<meta property=\"og:url\" content=\"https:\/\/unalomereikigarten.de\/?page_id=46\" \/>\n<meta property=\"og:site_name\" content=\"Unalome Reiki Garten\" \/>\n<meta property=\"article:modified_time\" content=\"2026-04-06T17:26:14+00:00\" \/>\n<meta name=\"twitter:card\" content=\"summary_large_image\" \/>\n<meta name=\"twitter:label1\" content=\"Est. reading time\" \/>\n\t<meta name=\"twitter:data1\" content=\"1 minute\" \/>\n<script type=\"application\/ld+json\" class=\"yoast-schema-graph\">{\"@context\":\"https:\\\/\\\/schema.org\",\"@graph\":[{\"@type\":[\"WebPage\",\"CollectionPage\"],\"@id\":\"https:\\\/\\\/unalomereikigarten.de\\\/?page_id=46\",\"url\":\"https:\\\/\\\/unalomereikigarten.de\\\/?page_id=46\",\"name\":\"Blog - Unalome Reiki Garten\",\"isPartOf\":{\"@id\":\"https:\\\/\\\/unalomereikigarten.de\\\/#website\"},\"datePublished\":\"2025-01-04T20:06:40+00:00\",\"dateModified\":\"2026-04-06T17:26:14+00:00\",\"breadcrumb\":{\"@id\":\"https:\\\/\\\/unalomereikigarten.de\\\/?page_id=46#breadcrumb\"},\"inLanguage\":\"en-US\"},{\"@type\":\"BreadcrumbList\",\"@id\":\"https:\\\/\\\/unalomereikigarten.de\\\/?page_id=46#breadcrumb\",\"itemListElement\":[{\"@type\":\"ListItem\",\"position\":1,\"name\":\"Home\",\"item\":\"https:\\\/\\\/unalomereikigarten.de\\\/\"},{\"@type\":\"ListItem\",\"position\":2,\"name\":\"Blog\"}]},{\"@type\":\"WebSite\",\"@id\":\"https:\\\/\\\/unalomereikigarten.de\\\/#website\",\"url\":\"https:\\\/\\\/unalomereikigarten.de\\\/\",\"name\":\"Unalome Reiki Garten\",\"description\":\"Reiki-der Weg zu Balance und Vitalit\u00e4t.\",\"publisher\":{\"@id\":\"https:\\\/\\\/unalomereikigarten.de\\\/#\\\/schema\\\/person\\\/aaba9764ffc8b3aefd560503945a3e95\"},\"alternateName\":\"Reiki\",\"potentialAction\":[{\"@type\":\"SearchAction\",\"target\":{\"@type\":\"EntryPoint\",\"urlTemplate\":\"https:\\\/\\\/unalomereikigarten.de\\\/?s={search_term_string}\"},\"query-input\":{\"@type\":\"PropertyValueSpecification\",\"valueRequired\":true,\"valueName\":\"search_term_string\"}}],\"inLanguage\":\"en-US\"},{\"@type\":[\"Person\",\"Organization\"],\"@id\":\"https:\\\/\\\/unalomereikigarten.de\\\/#\\\/schema\\\/person\\\/aaba9764ffc8b3aefd560503945a3e95\",\"name\":\"Eva Reiki\",\"image\":{\"@type\":\"ImageObject\",\"inLanguage\":\"en-US\",\"@id\":\"http:\\\/\\\/unalomereikigarten.de\\\/wp-content\\\/uploads\\\/2025\\\/01\\\/DALL\u00b7E-2025-01-07-21.43.35-An-elegant-and-unique-logo-design-for-a-Reiki-themed-website-named-Unalome-Reiki-Garten.-The-logo-incorporates-the-Unalome-symbol-in-a-graceful-and-.webp\",\"url\":\"http:\\\/\\\/unalomereikigarten.de\\\/wp-content\\\/uploads\\\/2025\\\/01\\\/DALL\u00b7E-2025-01-07-21.43.35-An-elegant-and-unique-logo-design-for-a-Reiki-themed-website-named-Unalome-Reiki-Garten.-The-logo-incorporates-the-Unalome-symbol-in-a-graceful-and-.webp\",\"contentUrl\":\"http:\\\/\\\/unalomereikigarten.de\\\/wp-content\\\/uploads\\\/2025\\\/01\\\/DALL\u00b7E-2025-01-07-21.43.35-An-elegant-and-unique-logo-design-for-a-Reiki-themed-website-named-Unalome-Reiki-Garten.-The-logo-incorporates-the-Unalome-symbol-in-a-graceful-and-.webp\",\"width\":1024,\"height\":1024,\"caption\":\"Eva Reiki\"},\"logo\":{\"@id\":\"http:\\\/\\\/unalomereikigarten.de\\\/wp-content\\\/uploads\\\/2025\\\/01\\\/DALL\u00b7E-2025-01-07-21.43.35-An-elegant-and-unique-logo-design-for-a-Reiki-themed-website-named-Unalome-Reiki-Garten.-The-logo-incorporates-the-Unalome-symbol-in-a-graceful-and-.webp\"},\"sameAs\":[\"https:\\\/\\\/unalomereikigarten.de\\\/\"]}]}<\/script>\n<!-- \/ Yoast SEO plugin. -->","yoast_head_json":{"title":"Blog - Unalome Reiki Garten","robots":{"index":"index","follow":"follow","max-snippet":"max-snippet:-1","max-image-preview":"max-image-preview:large","max-video-preview":"max-video-preview:-1"},"canonical":"https:\/\/unalomereikigarten.de\/?page_id=46","og_locale":"en_US","og_type":"article","og_title":"Blog - Unalome Reiki Garten","og_description":"Auf dieser Seite ver\u00f6ffentlichen wir Beitr\u00e4ge, Gedanken und Informationen rund um Reiki, Achtsamkeit, innere Ruhe und Themen, die Entspannung und pers\u00f6nliches Wohlbefinden f\u00f6rdern.","og_url":"https:\/\/unalomereikigarten.de\/?page_id=46","og_site_name":"Unalome Reiki Garten","article_modified_time":"2026-04-06T17:26:14+00:00","twitter_card":"summary_large_image","twitter_misc":{"Est. reading time":"1 minute"},"schema":{"@context":"https:\/\/schema.org","@graph":[{"@type":["WebPage","CollectionPage"],"@id":"https:\/\/unalomereikigarten.de\/?page_id=46","url":"https:\/\/unalomereikigarten.de\/?page_id=46","name":"Blog - Unalome Reiki Garten","isPartOf":{"@id":"https:\/\/unalomereikigarten.de\/#website"},"datePublished":"2025-01-04T20:06:40+00:00","dateModified":"2026-04-06T17:26:14+00:00","breadcrumb":{"@id":"https:\/\/unalomereikigarten.de\/?page_id=46#breadcrumb"},"inLanguage":"en-US"},{"@type":"BreadcrumbList","@id":"https:\/\/unalomereikigarten.de\/?page_id=46#breadcrumb","itemListElement":[{"@type":"ListItem","position":1,"name":"Home","item":"https:\/\/unalomereikigarten.de\/"},{"@type":"ListItem","position":2,"name":"Blog"}]},{"@type":"WebSite","@id":"https:\/\/unalomereikigarten.de\/#website","url":"https:\/\/unalomereikigarten.de\/","name":"Unalome Reiki Garten","description":"Reiki-der Weg zu Balance und Vitalit\u00e4t.","publisher":{"@id":"https:\/\/unalomereikigarten.de\/#\/schema\/person\/aaba9764ffc8b3aefd560503945a3e95"},"alternateName":"Reiki","potentialAction":[{"@type":"SearchAction","target":{"@type":"EntryPoint","urlTemplate":"https:\/\/unalomereikigarten.de\/?s={search_term_string}"},"query-input":{"@type":"PropertyValueSpecification","valueRequired":true,"valueName":"search_term_string"}}],"inLanguage":"en-US"},{"@type":["Person","Organization"],"@id":"https:\/\/unalomereikigarten.de\/#\/schema\/person\/aaba9764ffc8b3aefd560503945a3e95","name":"Eva Reiki","image":{"@type":"ImageObject","inLanguage":"en-US","@id":"http:\/\/unalomereikigarten.de\/wp-content\/uploads\/2025\/01\/DALL\u00b7E-2025-01-07-21.43.35-An-elegant-and-unique-logo-design-for-a-Reiki-themed-website-named-Unalome-Reiki-Garten.-The-logo-incorporates-the-Unalome-symbol-in-a-graceful-and-.webp","url":"http:\/\/unalomereikigarten.de\/wp-content\/uploads\/2025\/01\/DALL\u00b7E-2025-01-07-21.43.35-An-elegant-and-unique-logo-design-for-a-Reiki-themed-website-named-Unalome-Reiki-Garten.-The-logo-incorporates-the-Unalome-symbol-in-a-graceful-and-.webp","contentUrl":"http:\/\/unalomereikigarten.de\/wp-content\/uploads\/2025\/01\/DALL\u00b7E-2025-01-07-21.43.35-An-elegant-and-unique-logo-design-for-a-Reiki-themed-website-named-Unalome-Reiki-Garten.-The-logo-incorporates-the-Unalome-symbol-in-a-graceful-and-.webp","width":1024,"height":1024,"caption":"Eva Reiki"},"logo":{"@id":"http:\/\/unalomereikigarten.de\/wp-content\/uploads\/2025\/01\/DALL\u00b7E-2025-01-07-21.43.35-An-elegant-and-unique-logo-design-for-a-Reiki-themed-website-named-Unalome-Reiki-Garten.-The-logo-incorporates-the-Unalome-symbol-in-a-graceful-and-.webp"},"sameAs":["https:\/\/unalomereikigarten.de\/"]}]}},"_links":{"self":[{"href":"https:\/\/unalomereikigarten.de\/index.php?rest_route=\/wp\/v2\/pages\/46","targetHints":{"allow":["GET"]}}],"collection":[{"href":"https:\/\/unalomereikigarten.de\/index.php?rest_route=\/wp\/v2\/pages"}],"about":[{"href":"https:\/\/unalomereikigarten.de\/index.php?rest_route=\/wp\/v2\/types\/page"}],"author":[{"embeddable":true,"href":"https:\/\/unalomereikigarten.de\/index.php?rest_route=\/wp\/v2\/users\/1"}],"replies":[{"embeddable":true,"href":"https:\/\/unalomereikigarten.de\/index.php?rest_route=%2Fwp%2Fv2%2Fcomments&post=46"}],"version-history":[{"count":1,"href":"https:\/\/unalomereikigarten.de\/index.php?rest_route=\/wp\/v2\/pages\/46\/revisions"}],"predecessor-version":[{"id":220,"href":"https:\/\/unalomereikigarten.de\/index.php?rest_route=\/wp\/v2\/pages\/46\/revisions\/220"}],"wp:attachment":[{"href":"https:\/\/unalomereikigarten.de\/index.php?rest_route=%2Fwp%2Fv2%2Fmedia&parent=46"}],"curies":[{"name":"wp","href":"https:\/\/api.w.org\/{rel}","templated":true}]}}