{"id":180,"date":"2025-07-07T19:00:04","date_gmt":"2025-07-07T18:00:04","guid":{"rendered":"https:\/\/www.unalomereikigarten.de\/?page_id=180"},"modified":"2026-04-12T17:55:06","modified_gmt":"2026-04-12T16:55:06","slug":"impressum","status":"publish","type":"page","link":"https:\/\/unalomereikigarten.de\/?page_id=180","title":{"rendered":"Impressum"},"content":{"rendered":"\n<p>Angaben gem\u00e4\u00df \u00a7 5 DDG<\/p>\n\n\n\n<p>Zarko Bulatovic<br>Heynestra\u00dfe 42<br>90443 N\u00fcrnberg<br>Deutschland<\/p>\n\n\n\n<p><strong>Kontakt<\/strong><br>E-Mail: <a>zarkobulatovic@web.de<\/a><\/p>\n\n\n\n<p><strong>Rechtlicher Hinweis zu Reiki<\/strong><\/p>\n\n\n\n<p>Die auf dieser Website dargestellten Informationen und Inhalte zu Reiki dienen ausschlie\u00dflich der Entspannung, dem pers\u00f6nlichen Wohlbefinden und der inneren Balance.<\/p>\n\n\n\n<p>Diese Website dient ausschlie\u00dflich zu Informationszwecken. Es werden keine kommerziellen Dienstleistungen angeboten.<\/p>\n\n\n\n<p>Sie ersetzen keine medizinische Diagnose, Beratung oder Behandlung<br>durch einen Arzt, Heilpraktiker oder anderes medizinisches Fachpersonal.<\/p>\n\n\n\n<p>Bei gesundheitlichen Beschwerden wenden Sie sich bitte an einen Arzt<br>oder Heilpraktiker.<\/p>\n","protected":false},"excerpt":{"rendered":"<p>Angaben gem\u00e4\u00df \u00a7 5 DDG Zarko BulatovicHeynestra\u00dfe 4290443 N\u00fcrnbergDeutschland KontaktE-Mail: zarkobulatovic@web.de Rechtlicher Hinweis zu Reiki Die auf dieser Website dargestellten Informationen und Inhalte zu Reiki dienen ausschlie\u00dflich der Entspannung, dem pers\u00f6nlichen Wohlbefinden und der inneren Balance. Diese Website dient ausschlie\u00dflich zu Informationszwecken. Es werden keine kommerziellen Dienstleistungen angeboten. Sie ersetzen keine medizinische Diagnose, Beratung oder [&hellip;]<\/p>\n","protected":false},"author":1,"featured_media":0,"parent":0,"menu_order":0,"comment_status":"closed","ping_status":"closed","template":"","meta":{"footnotes":""},"class_list":["post-180","page","type-page","status-publish","hentry"],"yoast_head":"<!-- This site is optimized with the Yoast SEO plugin v27.4 - https:\/\/yoast.com\/product\/yoast-seo-wordpress\/ -->\n<title>Impressum - Unalome Reiki Garten<\/title>\n<meta name=\"robots\" content=\"index, follow, max-snippet:-1, max-image-preview:large, max-video-preview:-1\" \/>\n<link rel=\"canonical\" href=\"https:\/\/unalomereikigarten.de\/?page_id=180\" \/>\n<meta property=\"og:locale\" content=\"en_US\" \/>\n<meta property=\"og:type\" content=\"article\" \/>\n<meta property=\"og:title\" content=\"Impressum - Unalome Reiki Garten\" \/>\n<meta property=\"og:description\" content=\"Angaben gem\u00e4\u00df \u00a7 5 DDG Zarko BulatovicHeynestra\u00dfe 4290443 N\u00fcrnbergDeutschland KontaktE-Mail: zarkobulatovic@web.de Rechtlicher Hinweis zu Reiki Die auf dieser Website dargestellten Informationen und Inhalte zu Reiki dienen ausschlie\u00dflich der Entspannung, dem pers\u00f6nlichen Wohlbefinden und der inneren Balance. Diese Website dient ausschlie\u00dflich zu Informationszwecken. Es werden keine kommerziellen Dienstleistungen angeboten. Sie ersetzen keine medizinische Diagnose, Beratung oder [&hellip;]\" \/>\n<meta property=\"og:url\" content=\"https:\/\/unalomereikigarten.de\/?page_id=180\" \/>\n<meta property=\"og:site_name\" content=\"Unalome Reiki Garten\" \/>\n<meta property=\"article:modified_time\" content=\"2026-04-12T16:55:06+00:00\" \/>\n<meta name=\"twitter:card\" content=\"summary_large_image\" \/>\n<meta name=\"twitter:label1\" content=\"Est. reading time\" \/>\n\t<meta name=\"twitter:data1\" content=\"1 minute\" \/>\n<script type=\"application\/ld+json\" class=\"yoast-schema-graph\">{\"@context\":\"https:\\\/\\\/schema.org\",\"@graph\":[{\"@type\":\"WebPage\",\"@id\":\"https:\\\/\\\/unalomereikigarten.de\\\/?page_id=180\",\"url\":\"https:\\\/\\\/unalomereikigarten.de\\\/?page_id=180\",\"name\":\"Impressum - Unalome Reiki Garten\",\"isPartOf\":{\"@id\":\"https:\\\/\\\/unalomereikigarten.de\\\/#website\"},\"datePublished\":\"2025-07-07T18:00:04+00:00\",\"dateModified\":\"2026-04-12T16:55:06+00:00\",\"breadcrumb\":{\"@id\":\"https:\\\/\\\/unalomereikigarten.de\\\/?page_id=180#breadcrumb\"},\"inLanguage\":\"en-US\",\"potentialAction\":[{\"@type\":\"ReadAction\",\"target\":[\"https:\\\/\\\/unalomereikigarten.de\\\/?page_id=180\"]}]},{\"@type\":\"BreadcrumbList\",\"@id\":\"https:\\\/\\\/unalomereikigarten.de\\\/?page_id=180#breadcrumb\",\"itemListElement\":[{\"@type\":\"ListItem\",\"position\":1,\"name\":\"Home\",\"item\":\"https:\\\/\\\/unalomereikigarten.de\\\/\"},{\"@type\":\"ListItem\",\"position\":2,\"name\":\"Impressum\"}]},{\"@type\":\"WebSite\",\"@id\":\"https:\\\/\\\/unalomereikigarten.de\\\/#website\",\"url\":\"https:\\\/\\\/unalomereikigarten.de\\\/\",\"name\":\"Unalome Reiki Garten\",\"description\":\"Reiki-der Weg zu Balance und Vitalit\u00e4t.\",\"publisher\":{\"@id\":\"https:\\\/\\\/unalomereikigarten.de\\\/#\\\/schema\\\/person\\\/aaba9764ffc8b3aefd560503945a3e95\"},\"alternateName\":\"Reiki\",\"potentialAction\":[{\"@type\":\"SearchAction\",\"target\":{\"@type\":\"EntryPoint\",\"urlTemplate\":\"https:\\\/\\\/unalomereikigarten.de\\\/?s={search_term_string}\"},\"query-input\":{\"@type\":\"PropertyValueSpecification\",\"valueRequired\":true,\"valueName\":\"search_term_string\"}}],\"inLanguage\":\"en-US\"},{\"@type\":[\"Person\",\"Organization\"],\"@id\":\"https:\\\/\\\/unalomereikigarten.de\\\/#\\\/schema\\\/person\\\/aaba9764ffc8b3aefd560503945a3e95\",\"name\":\"Eva Reiki\",\"image\":{\"@type\":\"ImageObject\",\"inLanguage\":\"en-US\",\"@id\":\"http:\\\/\\\/unalomereikigarten.de\\\/wp-content\\\/uploads\\\/2025\\\/01\\\/DALL\u00b7E-2025-01-07-21.43.35-An-elegant-and-unique-logo-design-for-a-Reiki-themed-website-named-Unalome-Reiki-Garten.-The-logo-incorporates-the-Unalome-symbol-in-a-graceful-and-.webp\",\"url\":\"http:\\\/\\\/unalomereikigarten.de\\\/wp-content\\\/uploads\\\/2025\\\/01\\\/DALL\u00b7E-2025-01-07-21.43.35-An-elegant-and-unique-logo-design-for-a-Reiki-themed-website-named-Unalome-Reiki-Garten.-The-logo-incorporates-the-Unalome-symbol-in-a-graceful-and-.webp\",\"contentUrl\":\"http:\\\/\\\/unalomereikigarten.de\\\/wp-content\\\/uploads\\\/2025\\\/01\\\/DALL\u00b7E-2025-01-07-21.43.35-An-elegant-and-unique-logo-design-for-a-Reiki-themed-website-named-Unalome-Reiki-Garten.-The-logo-incorporates-the-Unalome-symbol-in-a-graceful-and-.webp\",\"width\":1024,\"height\":1024,\"caption\":\"Eva Reiki\"},\"logo\":{\"@id\":\"http:\\\/\\\/unalomereikigarten.de\\\/wp-content\\\/uploads\\\/2025\\\/01\\\/DALL\u00b7E-2025-01-07-21.43.35-An-elegant-and-unique-logo-design-for-a-Reiki-themed-website-named-Unalome-Reiki-Garten.-The-logo-incorporates-the-Unalome-symbol-in-a-graceful-and-.webp\"},\"sameAs\":[\"https:\\\/\\\/unalomereikigarten.de\\\/\"]}]}<\/script>\n<!-- \/ Yoast SEO plugin. -->","yoast_head_json":{"title":"Impressum - Unalome Reiki Garten","robots":{"index":"index","follow":"follow","max-snippet":"max-snippet:-1","max-image-preview":"max-image-preview:large","max-video-preview":"max-video-preview:-1"},"canonical":"https:\/\/unalomereikigarten.de\/?page_id=180","og_locale":"en_US","og_type":"article","og_title":"Impressum - Unalome Reiki Garten","og_description":"Angaben gem\u00e4\u00df \u00a7 5 DDG Zarko BulatovicHeynestra\u00dfe 4290443 N\u00fcrnbergDeutschland KontaktE-Mail: zarkobulatovic@web.de Rechtlicher Hinweis zu Reiki Die auf dieser Website dargestellten Informationen und Inhalte zu Reiki dienen ausschlie\u00dflich der Entspannung, dem pers\u00f6nlichen Wohlbefinden und der inneren Balance. Diese Website dient ausschlie\u00dflich zu Informationszwecken. Es werden keine kommerziellen Dienstleistungen angeboten. Sie ersetzen keine medizinische Diagnose, Beratung oder [&hellip;]","og_url":"https:\/\/unalomereikigarten.de\/?page_id=180","og_site_name":"Unalome Reiki Garten","article_modified_time":"2026-04-12T16:55:06+00:00","twitter_card":"summary_large_image","twitter_misc":{"Est. reading time":"1 minute"},"schema":{"@context":"https:\/\/schema.org","@graph":[{"@type":"WebPage","@id":"https:\/\/unalomereikigarten.de\/?page_id=180","url":"https:\/\/unalomereikigarten.de\/?page_id=180","name":"Impressum - Unalome Reiki Garten","isPartOf":{"@id":"https:\/\/unalomereikigarten.de\/#website"},"datePublished":"2025-07-07T18:00:04+00:00","dateModified":"2026-04-12T16:55:06+00:00","breadcrumb":{"@id":"https:\/\/unalomereikigarten.de\/?page_id=180#breadcrumb"},"inLanguage":"en-US","potentialAction":[{"@type":"ReadAction","target":["https:\/\/unalomereikigarten.de\/?page_id=180"]}]},{"@type":"BreadcrumbList","@id":"https:\/\/unalomereikigarten.de\/?page_id=180#breadcrumb","itemListElement":[{"@type":"ListItem","position":1,"name":"Home","item":"https:\/\/unalomereikigarten.de\/"},{"@type":"ListItem","position":2,"name":"Impressum"}]},{"@type":"WebSite","@id":"https:\/\/unalomereikigarten.de\/#website","url":"https:\/\/unalomereikigarten.de\/","name":"Unalome Reiki Garten","description":"Reiki-der Weg zu Balance und Vitalit\u00e4t.","publisher":{"@id":"https:\/\/unalomereikigarten.de\/#\/schema\/person\/aaba9764ffc8b3aefd560503945a3e95"},"alternateName":"Reiki","potentialAction":[{"@type":"SearchAction","target":{"@type":"EntryPoint","urlTemplate":"https:\/\/unalomereikigarten.de\/?s={search_term_string}"},"query-input":{"@type":"PropertyValueSpecification","valueRequired":true,"valueName":"search_term_string"}}],"inLanguage":"en-US"},{"@type":["Person","Organization"],"@id":"https:\/\/unalomereikigarten.de\/#\/schema\/person\/aaba9764ffc8b3aefd560503945a3e95","name":"Eva Reiki","image":{"@type":"ImageObject","inLanguage":"en-US","@id":"http:\/\/unalomereikigarten.de\/wp-content\/uploads\/2025\/01\/DALL\u00b7E-2025-01-07-21.43.35-An-elegant-and-unique-logo-design-for-a-Reiki-themed-website-named-Unalome-Reiki-Garten.-The-logo-incorporates-the-Unalome-symbol-in-a-graceful-and-.webp","url":"http:\/\/unalomereikigarten.de\/wp-content\/uploads\/2025\/01\/DALL\u00b7E-2025-01-07-21.43.35-An-elegant-and-unique-logo-design-for-a-Reiki-themed-website-named-Unalome-Reiki-Garten.-The-logo-incorporates-the-Unalome-symbol-in-a-graceful-and-.webp","contentUrl":"http:\/\/unalomereikigarten.de\/wp-content\/uploads\/2025\/01\/DALL\u00b7E-2025-01-07-21.43.35-An-elegant-and-unique-logo-design-for-a-Reiki-themed-website-named-Unalome-Reiki-Garten.-The-logo-incorporates-the-Unalome-symbol-in-a-graceful-and-.webp","width":1024,"height":1024,"caption":"Eva Reiki"},"logo":{"@id":"http:\/\/unalomereikigarten.de\/wp-content\/uploads\/2025\/01\/DALL\u00b7E-2025-01-07-21.43.35-An-elegant-and-unique-logo-design-for-a-Reiki-themed-website-named-Unalome-Reiki-Garten.-The-logo-incorporates-the-Unalome-symbol-in-a-graceful-and-.webp"},"sameAs":["https:\/\/unalomereikigarten.de\/"]}]}},"_links":{"self":[{"href":"https:\/\/unalomereikigarten.de\/index.php?rest_route=\/wp\/v2\/pages\/180","targetHints":{"allow":["GET"]}}],"collection":[{"href":"https:\/\/unalomereikigarten.de\/index.php?rest_route=\/wp\/v2\/pages"}],"about":[{"href":"https:\/\/unalomereikigarten.de\/index.php?rest_route=\/wp\/v2\/types\/page"}],"author":[{"embeddable":true,"href":"https:\/\/unalomereikigarten.de\/index.php?rest_route=\/wp\/v2\/users\/1"}],"replies":[{"embeddable":true,"href":"https:\/\/unalomereikigarten.de\/index.php?rest_route=%2Fwp%2Fv2%2Fcomments&post=180"}],"version-history":[{"count":7,"href":"https:\/\/unalomereikigarten.de\/index.php?rest_route=\/wp\/v2\/pages\/180\/revisions"}],"predecessor-version":[{"id":232,"href":"https:\/\/unalomereikigarten.de\/index.php?rest_route=\/wp\/v2\/pages\/180\/revisions\/232"}],"wp:attachment":[{"href":"https:\/\/unalomereikigarten.de\/index.php?rest_route=%2Fwp%2Fv2%2Fmedia&parent=180"}],"curies":[{"name":"wp","href":"https:\/\/api.w.org\/{rel}","templated":true}]}}