{"id":11,"date":"2025-01-01T17:49:17","date_gmt":"2025-01-01T17:49:17","guid":{"rendered":"http:\/\/unalomereikigarten.de\/?page_id=11"},"modified":"2026-04-06T18:41:47","modified_gmt":"2026-04-06T17:41:47","slug":"information","status":"publish","type":"page","link":"https:\/\/unalomereikigarten.de\/?page_id=11","title":{"rendered":"Informationen"},"content":{"rendered":"\n<p>Reiki ist eine traditionelle japanische Praxis, die heute h\u00e4ufig mit Entspannung, Achtsamkeit und innerer Balance in Verbindung gebracht wird.<\/p>\n\n\n\n<p>Viele Menschen erleben Reiki als eine ruhige und bewusste M\u00f6glichkeit, eine Pause vom Alltag zu machen und dem eigenen Wohlbefinden mehr Aufmerksamkeit zu schenken.<\/p>\n\n\n\n<p>Auf dieser Seite m\u00f6chten wir grundlegende Informationen \u00fcber Reiki in klarer, ruhiger und zug\u00e4nglicher Form vermitteln.<\/p>\n","protected":false},"excerpt":{"rendered":"<p>Reiki ist eine traditionelle japanische Praxis, die heute h\u00e4ufig mit Entspannung, Achtsamkeit und innerer Balance in Verbindung gebracht wird. Viele Menschen erleben Reiki als eine ruhige und bewusste M\u00f6glichkeit, eine Pause vom Alltag zu machen und dem eigenen Wohlbefinden mehr Aufmerksamkeit zu schenken. Auf dieser Seite m\u00f6chten wir grundlegende Informationen \u00fcber Reiki in klarer, ruhiger [&hellip;]<\/p>\n","protected":false},"author":1,"featured_media":0,"parent":0,"menu_order":0,"comment_status":"closed","ping_status":"closed","template":"","meta":{"footnotes":""},"class_list":["post-11","page","type-page","status-publish","hentry"],"yoast_head":"<!-- This site is optimized with the Yoast SEO plugin v27.4 - https:\/\/yoast.com\/product\/yoast-seo-wordpress\/ -->\n<title>Informationen - Unalome Reiki Garten<\/title>\n<meta name=\"robots\" content=\"index, follow, max-snippet:-1, max-image-preview:large, max-video-preview:-1\" \/>\n<link rel=\"canonical\" href=\"https:\/\/unalomereikigarten.de\/?page_id=11\" \/>\n<meta property=\"og:locale\" content=\"en_US\" \/>\n<meta property=\"og:type\" content=\"article\" \/>\n<meta property=\"og:title\" content=\"Informationen - Unalome Reiki Garten\" \/>\n<meta property=\"og:description\" content=\"Reiki ist eine traditionelle japanische Praxis, die heute h\u00e4ufig mit Entspannung, Achtsamkeit und innerer Balance in Verbindung gebracht wird. Viele Menschen erleben Reiki als eine ruhige und bewusste M\u00f6glichkeit, eine Pause vom Alltag zu machen und dem eigenen Wohlbefinden mehr Aufmerksamkeit zu schenken. Auf dieser Seite m\u00f6chten wir grundlegende Informationen \u00fcber Reiki in klarer, ruhiger [&hellip;]\" \/>\n<meta property=\"og:url\" content=\"https:\/\/unalomereikigarten.de\/?page_id=11\" \/>\n<meta property=\"og:site_name\" content=\"Unalome Reiki Garten\" \/>\n<meta property=\"article:modified_time\" content=\"2026-04-06T17:41:47+00:00\" \/>\n<meta name=\"twitter:card\" content=\"summary_large_image\" \/>\n<meta name=\"twitter:label1\" content=\"Est. reading time\" \/>\n\t<meta name=\"twitter:data1\" content=\"1 minute\" \/>\n<script type=\"application\/ld+json\" class=\"yoast-schema-graph\">{\"@context\":\"https:\\\/\\\/schema.org\",\"@graph\":[{\"@type\":\"WebPage\",\"@id\":\"https:\\\/\\\/unalomereikigarten.de\\\/?page_id=11\",\"url\":\"https:\\\/\\\/unalomereikigarten.de\\\/?page_id=11\",\"name\":\"Informationen - Unalome Reiki Garten\",\"isPartOf\":{\"@id\":\"https:\\\/\\\/unalomereikigarten.de\\\/#website\"},\"datePublished\":\"2025-01-01T17:49:17+00:00\",\"dateModified\":\"2026-04-06T17:41:47+00:00\",\"breadcrumb\":{\"@id\":\"https:\\\/\\\/unalomereikigarten.de\\\/?page_id=11#breadcrumb\"},\"inLanguage\":\"en-US\",\"potentialAction\":[{\"@type\":\"ReadAction\",\"target\":[\"https:\\\/\\\/unalomereikigarten.de\\\/?page_id=11\"]}]},{\"@type\":\"BreadcrumbList\",\"@id\":\"https:\\\/\\\/unalomereikigarten.de\\\/?page_id=11#breadcrumb\",\"itemListElement\":[{\"@type\":\"ListItem\",\"position\":1,\"name\":\"Home\",\"item\":\"https:\\\/\\\/unalomereikigarten.de\\\/\"},{\"@type\":\"ListItem\",\"position\":2,\"name\":\"Informationen\"}]},{\"@type\":\"WebSite\",\"@id\":\"https:\\\/\\\/unalomereikigarten.de\\\/#website\",\"url\":\"https:\\\/\\\/unalomereikigarten.de\\\/\",\"name\":\"Unalome Reiki Garten\",\"description\":\"Reiki-der Weg zu Balance und Vitalit\u00e4t.\",\"publisher\":{\"@id\":\"https:\\\/\\\/unalomereikigarten.de\\\/#\\\/schema\\\/person\\\/aaba9764ffc8b3aefd560503945a3e95\"},\"alternateName\":\"Reiki\",\"potentialAction\":[{\"@type\":\"SearchAction\",\"target\":{\"@type\":\"EntryPoint\",\"urlTemplate\":\"https:\\\/\\\/unalomereikigarten.de\\\/?s={search_term_string}\"},\"query-input\":{\"@type\":\"PropertyValueSpecification\",\"valueRequired\":true,\"valueName\":\"search_term_string\"}}],\"inLanguage\":\"en-US\"},{\"@type\":[\"Person\",\"Organization\"],\"@id\":\"https:\\\/\\\/unalomereikigarten.de\\\/#\\\/schema\\\/person\\\/aaba9764ffc8b3aefd560503945a3e95\",\"name\":\"Eva Reiki\",\"image\":{\"@type\":\"ImageObject\",\"inLanguage\":\"en-US\",\"@id\":\"http:\\\/\\\/unalomereikigarten.de\\\/wp-content\\\/uploads\\\/2025\\\/01\\\/DALL\u00b7E-2025-01-07-21.43.35-An-elegant-and-unique-logo-design-for-a-Reiki-themed-website-named-Unalome-Reiki-Garten.-The-logo-incorporates-the-Unalome-symbol-in-a-graceful-and-.webp\",\"url\":\"http:\\\/\\\/unalomereikigarten.de\\\/wp-content\\\/uploads\\\/2025\\\/01\\\/DALL\u00b7E-2025-01-07-21.43.35-An-elegant-and-unique-logo-design-for-a-Reiki-themed-website-named-Unalome-Reiki-Garten.-The-logo-incorporates-the-Unalome-symbol-in-a-graceful-and-.webp\",\"contentUrl\":\"http:\\\/\\\/unalomereikigarten.de\\\/wp-content\\\/uploads\\\/2025\\\/01\\\/DALL\u00b7E-2025-01-07-21.43.35-An-elegant-and-unique-logo-design-for-a-Reiki-themed-website-named-Unalome-Reiki-Garten.-The-logo-incorporates-the-Unalome-symbol-in-a-graceful-and-.webp\",\"width\":1024,\"height\":1024,\"caption\":\"Eva Reiki\"},\"logo\":{\"@id\":\"http:\\\/\\\/unalomereikigarten.de\\\/wp-content\\\/uploads\\\/2025\\\/01\\\/DALL\u00b7E-2025-01-07-21.43.35-An-elegant-and-unique-logo-design-for-a-Reiki-themed-website-named-Unalome-Reiki-Garten.-The-logo-incorporates-the-Unalome-symbol-in-a-graceful-and-.webp\"},\"sameAs\":[\"https:\\\/\\\/unalomereikigarten.de\\\/\"]}]}<\/script>\n<!-- \/ Yoast SEO plugin. -->","yoast_head_json":{"title":"Informationen - Unalome Reiki Garten","robots":{"index":"index","follow":"follow","max-snippet":"max-snippet:-1","max-image-preview":"max-image-preview:large","max-video-preview":"max-video-preview:-1"},"canonical":"https:\/\/unalomereikigarten.de\/?page_id=11","og_locale":"en_US","og_type":"article","og_title":"Informationen - Unalome Reiki Garten","og_description":"Reiki ist eine traditionelle japanische Praxis, die heute h\u00e4ufig mit Entspannung, Achtsamkeit und innerer Balance in Verbindung gebracht wird. Viele Menschen erleben Reiki als eine ruhige und bewusste M\u00f6glichkeit, eine Pause vom Alltag zu machen und dem eigenen Wohlbefinden mehr Aufmerksamkeit zu schenken. Auf dieser Seite m\u00f6chten wir grundlegende Informationen \u00fcber Reiki in klarer, ruhiger [&hellip;]","og_url":"https:\/\/unalomereikigarten.de\/?page_id=11","og_site_name":"Unalome Reiki Garten","article_modified_time":"2026-04-06T17:41:47+00:00","twitter_card":"summary_large_image","twitter_misc":{"Est. reading time":"1 minute"},"schema":{"@context":"https:\/\/schema.org","@graph":[{"@type":"WebPage","@id":"https:\/\/unalomereikigarten.de\/?page_id=11","url":"https:\/\/unalomereikigarten.de\/?page_id=11","name":"Informationen - Unalome Reiki Garten","isPartOf":{"@id":"https:\/\/unalomereikigarten.de\/#website"},"datePublished":"2025-01-01T17:49:17+00:00","dateModified":"2026-04-06T17:41:47+00:00","breadcrumb":{"@id":"https:\/\/unalomereikigarten.de\/?page_id=11#breadcrumb"},"inLanguage":"en-US","potentialAction":[{"@type":"ReadAction","target":["https:\/\/unalomereikigarten.de\/?page_id=11"]}]},{"@type":"BreadcrumbList","@id":"https:\/\/unalomereikigarten.de\/?page_id=11#breadcrumb","itemListElement":[{"@type":"ListItem","position":1,"name":"Home","item":"https:\/\/unalomereikigarten.de\/"},{"@type":"ListItem","position":2,"name":"Informationen"}]},{"@type":"WebSite","@id":"https:\/\/unalomereikigarten.de\/#website","url":"https:\/\/unalomereikigarten.de\/","name":"Unalome Reiki Garten","description":"Reiki-der Weg zu Balance und Vitalit\u00e4t.","publisher":{"@id":"https:\/\/unalomereikigarten.de\/#\/schema\/person\/aaba9764ffc8b3aefd560503945a3e95"},"alternateName":"Reiki","potentialAction":[{"@type":"SearchAction","target":{"@type":"EntryPoint","urlTemplate":"https:\/\/unalomereikigarten.de\/?s={search_term_string}"},"query-input":{"@type":"PropertyValueSpecification","valueRequired":true,"valueName":"search_term_string"}}],"inLanguage":"en-US"},{"@type":["Person","Organization"],"@id":"https:\/\/unalomereikigarten.de\/#\/schema\/person\/aaba9764ffc8b3aefd560503945a3e95","name":"Eva Reiki","image":{"@type":"ImageObject","inLanguage":"en-US","@id":"http:\/\/unalomereikigarten.de\/wp-content\/uploads\/2025\/01\/DALL\u00b7E-2025-01-07-21.43.35-An-elegant-and-unique-logo-design-for-a-Reiki-themed-website-named-Unalome-Reiki-Garten.-The-logo-incorporates-the-Unalome-symbol-in-a-graceful-and-.webp","url":"http:\/\/unalomereikigarten.de\/wp-content\/uploads\/2025\/01\/DALL\u00b7E-2025-01-07-21.43.35-An-elegant-and-unique-logo-design-for-a-Reiki-themed-website-named-Unalome-Reiki-Garten.-The-logo-incorporates-the-Unalome-symbol-in-a-graceful-and-.webp","contentUrl":"http:\/\/unalomereikigarten.de\/wp-content\/uploads\/2025\/01\/DALL\u00b7E-2025-01-07-21.43.35-An-elegant-and-unique-logo-design-for-a-Reiki-themed-website-named-Unalome-Reiki-Garten.-The-logo-incorporates-the-Unalome-symbol-in-a-graceful-and-.webp","width":1024,"height":1024,"caption":"Eva Reiki"},"logo":{"@id":"http:\/\/unalomereikigarten.de\/wp-content\/uploads\/2025\/01\/DALL\u00b7E-2025-01-07-21.43.35-An-elegant-and-unique-logo-design-for-a-Reiki-themed-website-named-Unalome-Reiki-Garten.-The-logo-incorporates-the-Unalome-symbol-in-a-graceful-and-.webp"},"sameAs":["https:\/\/unalomereikigarten.de\/"]}]}},"_links":{"self":[{"href":"https:\/\/unalomereikigarten.de\/index.php?rest_route=\/wp\/v2\/pages\/11","targetHints":{"allow":["GET"]}}],"collection":[{"href":"https:\/\/unalomereikigarten.de\/index.php?rest_route=\/wp\/v2\/pages"}],"about":[{"href":"https:\/\/unalomereikigarten.de\/index.php?rest_route=\/wp\/v2\/types\/page"}],"author":[{"embeddable":true,"href":"https:\/\/unalomereikigarten.de\/index.php?rest_route=\/wp\/v2\/users\/1"}],"replies":[{"embeddable":true,"href":"https:\/\/unalomereikigarten.de\/index.php?rest_route=%2Fwp%2Fv2%2Fcomments&post=11"}],"version-history":[{"count":2,"href":"https:\/\/unalomereikigarten.de\/index.php?rest_route=\/wp\/v2\/pages\/11\/revisions"}],"predecessor-version":[{"id":223,"href":"https:\/\/unalomereikigarten.de\/index.php?rest_route=\/wp\/v2\/pages\/11\/revisions\/223"}],"wp:attachment":[{"href":"https:\/\/unalomereikigarten.de\/index.php?rest_route=%2Fwp%2Fv2%2Fmedia&parent=11"}],"curies":[{"name":"wp","href":"https:\/\/api.w.org\/{rel}","templated":true}]}}